{"id":33,"date":"2024-04-19T08:00:06","date_gmt":"2024-04-19T08:00:06","guid":{"rendered":"https:\/\/evagalvis.com\/?page_id=33"},"modified":"2026-02-24T07:16:47","modified_gmt":"2026-02-24T07:16:47","slug":"our-patients","status":"publish","type":"page","link":"https:\/\/evagalvis.com\/es\/our-patients\/","title":{"rendered":"Testimonios"},"content":{"rendered":"<h1>\n\t\t\tEscuche a nuestros pacientes\t<\/h1>\nSomething went wrong: The invalid API key is entered. Please configure the API key from<a href=\"https:\/\/evagalvis.com\/wp-admin\/options-general.php?page=uabb-builder-settings#uabb\" target=\"_blank\" rel=\"noopener\"> here <\/a>.\n\t<h2>\n\t\t\t\t\tHear our\n\t\t\t\tpatients&#8217; experiences\n\t\t\t<\/h2>\n\t<iframe allowfullscreen allow=\"autoplay\" data-src=\"https:\/\/www.youtube-nocookie.com\/embed\/ALClEuY4yTg?feature=oembed&amp;playlist=ALClEuY4yTg&amp;start&amp;end&amp;wmode=opaque&amp;loop=1&amp;controls=1&amp;mute=0&amp;rel=0&amp;modestbranding=1\" title=\"Rese\u00f1a Mariana\"><\/iframe>\t\t\n\t\t\t\t\tPlay Video\n\t<iframe allowfullscreen allow=\"autoplay\" data-src=\"https:\/\/www.youtube-nocookie.com\/embed\/4SqDeg9kuas?feature=oembed&amp;playlist=4SqDeg9kuas&amp;start&amp;end&amp;wmode=opaque&amp;loop=1&amp;controls=1&amp;mute=0&amp;rel=0&amp;modestbranding=1\" title=\"Rese\u00f1a Neil\"><\/iframe>\t\t\n\t\t\t\t\tPlay Video\n\t<iframe allowfullscreen allow=\"autoplay\" data-src=\"https:\/\/www.youtube-nocookie.com\/embed\/XYFH4TXhrvw?feature=oembed&amp;playlist=XYFH4TXhrvw&amp;start&amp;end&amp;wmode=opaque&amp;loop=1&amp;controls=1&amp;mute=0&amp;rel=0&amp;modestbranding=1\" title=\"Rese\u00f1a Valeria\"><\/iframe>\t\t\n\t\t\t\t\tPlay Video\n\t<iframe allowfullscreen allow=\"autoplay\" data-src=\"https:\/\/www.youtube-nocookie.com\/embed\/lQgtIkMrimM?feature=oembed&amp;playlist=lQgtIkMrimM&amp;start&amp;end&amp;wmode=opaque&amp;loop=1&amp;controls=1&amp;mute=0&amp;rel=0&amp;modestbranding=1\" title=\"Rese\u00f1a\"><\/iframe>\t\t\n\t\t\t\t\tPlay Video\n\t<iframe allowfullscreen allow=\"autoplay\" data-src=\"https:\/\/www.youtube-nocookie.com\/embed\/vMLEFWJtfUo?feature=oembed&amp;playlist=vMLEFWJtfUo&amp;start&amp;end&amp;wmode=opaque&amp;loop=1&amp;controls=1&amp;mute=0&amp;rel=0&amp;modestbranding=1\" title=\"Rese\u00f1a Sofia\"><\/iframe>\t\t\n\t\t\t\t\tPlay Video\n\t<iframe allowfullscreen allow=\"autoplay\" data-src=\"https:\/\/www.youtube-nocookie.com\/embed\/P8g2NfqUI28?feature=oembed&amp;playlist=P8g2NfqUI28&amp;start&amp;end&amp;wmode=opaque&amp;loop=1&amp;controls=1&amp;mute=0&amp;rel=0&amp;modestbranding=1\" title=\"Rese\u00f1a Valentina\"><\/iframe>\t\t\n\t\t\t\t\tPlay Video\n\t<iframe allowfullscreen allow=\"autoplay\" data-src=\"https:\/\/www.youtube-nocookie.com\/embed\/M_B559XICoY?feature=oembed&amp;playlist=M_B559XICoY&amp;start&amp;end&amp;wmode=opaque&amp;loop=1&amp;controls=1&amp;mute=0&amp;rel=0&amp;modestbranding=1\" title=\"Rese\u00f1a paciente\"><\/iframe>\t\t\n\t\t\t\t\tPlay Video\n\t<h2>\n\t\t\t\t\tSee\n\t\t\t\texamples\n\t\t\t\t\tof our work\n\t\t\t<\/h2>\n\t\t\t\t<a\n\t\t\thref=\"https:\/\/evagalvis.com\/wp-content\/uploads\/2024\/04\/Antes-y-despues-04-1024x577.jpg\"\n\t\t\t\t\t\tdata-fancybox=\"images\" \n\t\t\ttitle=\"Antes-y-despues-04\" \n\t\t\t\t\t\tdata-caption=\"\"\n\t\t\t\t\t\tdata-description=\"\" \n\t\t\titemprop=\"contentUrl\">\n\t\t\t<img loading=\"lazy\" decoding=\"async\" src=\"https:\/\/evagalvis.com\/wp-content\/uploads\/2024\/04\/Antes-y-despues-04-scaled.jpg\" alt=\"A before and after picture of teeth with porcelain veneers.\" data-no-lazy=\"1\" itemprop=\"thumbnail\" width=\"1920\" height=\"1081\" \/>\n\t\t\t<!-- Overlay Wrapper -->\n\t\t\t <!-- Overlay Wrapper Closed -->\n\t\t\t\t<\/a>\n\t\t\t\t\t\t\t<meta itemprop=\"width\" content=\"1920\" \/>\n\t\t\t<meta itemprop=\"height\" content=\"1081\" \/>\n\t\t\t\t<a\n\t\t\thref=\"https:\/\/evagalvis.com\/wp-content\/uploads\/2024\/04\/Antes-y-despues-05-576x1024.jpg\"\n\t\t\t\t\t\tdata-fancybox=\"images\" \n\t\t\ttitle=\"Antes-y-despues-05\" \n\t\t\t\t\t\tdata-caption=\"\"\n\t\t\t\t\t\tdata-description=\"\" \n\t\t\titemprop=\"contentUrl\">\n\t\t\t<img loading=\"lazy\" decoding=\"async\" src=\"https:\/\/evagalvis.com\/wp-content\/uploads\/2024\/04\/Antes-y-despues-05-scaled.jpg\" alt=\"A close up of the teeth with and without amalgam.\" data-no-lazy=\"1\" itemprop=\"thumbnail\" width=\"608\" height=\"1080\" \/>\n\t\t\t<!-- Overlay Wrapper -->\n\t\t\t <!-- Overlay Wrapper Closed -->\n\t\t\t\t<\/a>\n\t\t\t\t\t\t\t<meta itemprop=\"width\" content=\"608\" \/>\n\t\t\t<meta itemprop=\"height\" content=\"1080\" \/>\n\t\t\t\t<a\n\t\t\thref=\"https:\/\/evagalvis.com\/wp-content\/uploads\/2024\/04\/Antes-y-despues-06-576x1024.jpg\"\n\t\t\t\t\t\tdata-fancybox=\"images\" \n\t\t\ttitle=\"Antes-y-despues-06\" \n\t\t\t\t\t\tdata-caption=\"\"\n\t\t\t\t\t\tdata-description=\"\" \n\t\t\titemprop=\"contentUrl\">\n\t\t\t<img loading=\"lazy\" decoding=\"async\" src=\"https:\/\/evagalvis.com\/wp-content\/uploads\/2024\/04\/Antes-y-despues-06-scaled.jpg\" alt=\"A close up of two pieces of tooth paste\" data-no-lazy=\"1\" itemprop=\"thumbnail\" width=\"608\" height=\"1080\" \/>\n\t\t\t<!-- Overlay Wrapper -->\n\t\t\t <!-- Overlay Wrapper Closed -->\n\t\t\t\t<\/a>\n\t\t\t\t\t\t\t<meta itemprop=\"width\" content=\"608\" \/>\n\t\t\t<meta itemprop=\"height\" content=\"1080\" \/>\n\t<h2>\n\t\t\t\t\tSee our\n\t\t\t\tpatients smile\n\t\t\t<\/h2>","protected":false},"excerpt":{"rendered":"<p>hear from our patients Something went wrong: The invalid API key is entered. Please configure the API key from here . Hear our patients&#8217; experiences Play Video Play Video Play Video Play Video Play Video Play Video Play Video See examples of our work See our patients smile<\/p>","protected":false},"author":1,"featured_media":52,"parent":0,"menu_order":0,"comment_status":"closed","ping_status":"closed","template":"","meta":{"footnotes":""},"class_list":["post-33","page","type-page","status-publish","has-post-thumbnail","hentry"],"yoast_head":"<!-- This site is optimized with the Yoast SEO Premium plugin v26.3 (Yoast SEO v27.4) - https:\/\/yoast.com\/product\/yoast-seo-premium-wordpress\/ -->\n<title>Testimonials | Patient Testimonials by Dental Surgery, Colombia | Eva Galvis Odontology<\/title>\n<meta name=\"description\" content=\"Discover patient testimonials at Dental Surgery, Colombia | Eva Galvis Odontology. Hear real experiences and see their smiles.\" \/>\n<meta name=\"robots\" content=\"index, follow, max-snippet:-1, max-image-preview:large, max-video-preview:-1\" \/>\n<link rel=\"canonical\" href=\"https:\/\/evagalvis.com\/es\/our-patients\/\" \/>\n<meta property=\"og:locale\" content=\"es_ES\" \/>\n<meta property=\"og:type\" content=\"article\" \/>\n<meta property=\"og:title\" content=\"Testimonials\" \/>\n<meta property=\"og:description\" content=\"Discover patient testimonials at Dental Surgery, Colombia | Eva Galvis Odontology. Hear real experiences and see their smiles.\" \/>\n<meta property=\"og:url\" content=\"https:\/\/evagalvis.com\/es\/our-patients\/\" \/>\n<meta property=\"og:site_name\" content=\"Dental Surgery, Colombia | Eva Galvis Odontology\" \/>\n<meta property=\"article:publisher\" content=\"https:\/\/www.facebook.com\/people\/Eva-Galvis-Odontologia\/100090570862041\/\" \/>\n<meta property=\"article:modified_time\" content=\"2026-02-24T07:16:47+00:00\" \/>\n<meta property=\"og:image\" content=\"https:\/\/evagalvis.com\/wp-content\/uploads\/2024\/04\/EG-favicon.jpg\" \/>\n\t<meta property=\"og:image:width\" content=\"512\" \/>\n\t<meta property=\"og:image:height\" content=\"512\" \/>\n\t<meta property=\"og:image:type\" content=\"image\/jpeg\" \/>\n<meta name=\"twitter:card\" content=\"summary_large_image\" \/>\n<meta name=\"twitter:label1\" content=\"Tiempo de lectura\" \/>\n\t<meta name=\"twitter:data1\" content=\"2 minutos\" \/>\n<script type=\"application\/ld+json\" class=\"yoast-schema-graph\">{\"@context\":\"https:\\\/\\\/schema.org\",\"@graph\":[{\"@type\":\"WebPage\",\"@id\":\"https:\\\/\\\/evagalvis.com\\\/our-patients\\\/\",\"url\":\"https:\\\/\\\/evagalvis.com\\\/our-patients\\\/\",\"name\":\"Testimonials | Patient Testimonials by Dental Surgery, Colombia | Eva Galvis Odontology\",\"isPartOf\":{\"@id\":\"https:\\\/\\\/evagalvis.com\\\/#website\"},\"primaryImageOfPage\":{\"@id\":\"https:\\\/\\\/evagalvis.com\\\/our-patients\\\/#primaryimage\"},\"image\":{\"@id\":\"https:\\\/\\\/evagalvis.com\\\/our-patients\\\/#primaryimage\"},\"thumbnailUrl\":\"https:\\\/\\\/evagalvis.com\\\/wp-content\\\/uploads\\\/2024\\\/04\\\/EG-favicon.jpg\",\"datePublished\":\"2024-04-19T08:00:06+00:00\",\"dateModified\":\"2026-02-24T07:16:47+00:00\",\"description\":\"Discover patient testimonials at Dental Surgery, Colombia | Eva Galvis Odontology. Hear real experiences and see their smiles.\",\"breadcrumb\":{\"@id\":\"https:\\\/\\\/evagalvis.com\\\/our-patients\\\/#breadcrumb\"},\"inLanguage\":\"es-CO\",\"potentialAction\":[{\"@type\":\"ReadAction\",\"target\":[\"https:\\\/\\\/evagalvis.com\\\/our-patients\\\/\"]}]},{\"@type\":\"ImageObject\",\"inLanguage\":\"es-CO\",\"@id\":\"https:\\\/\\\/evagalvis.com\\\/our-patients\\\/#primaryimage\",\"url\":\"https:\\\/\\\/evagalvis.com\\\/wp-content\\\/uploads\\\/2024\\\/04\\\/EG-favicon.jpg\",\"contentUrl\":\"https:\\\/\\\/evagalvis.com\\\/wp-content\\\/uploads\\\/2024\\\/04\\\/EG-favicon.jpg\",\"width\":512,\"height\":512,\"caption\":\"A blue diamond with the letter e and g in it.\"},{\"@type\":\"BreadcrumbList\",\"@id\":\"https:\\\/\\\/evagalvis.com\\\/our-patients\\\/#breadcrumb\",\"itemListElement\":[{\"@type\":\"ListItem\",\"position\":1,\"name\":\"Home\",\"item\":\"https:\\\/\\\/evagalvis.com\\\/\"},{\"@type\":\"ListItem\",\"position\":2,\"name\":\"Testimonials\"}]},{\"@type\":\"WebSite\",\"@id\":\"https:\\\/\\\/evagalvis.com\\\/#website\",\"url\":\"https:\\\/\\\/evagalvis.com\\\/\",\"name\":\"Dental Surgery, Medell\u00edn | Eva Galvis Odontology\",\"description\":\"We use digital technology to deliver first-class treatments and smile design.\",\"publisher\":{\"@id\":\"https:\\\/\\\/evagalvis.com\\\/#organization\"},\"potentialAction\":[{\"@type\":\"SearchAction\",\"target\":{\"@type\":\"EntryPoint\",\"urlTemplate\":\"https:\\\/\\\/evagalvis.com\\\/?s={search_term_string}\"},\"query-input\":{\"@type\":\"PropertyValueSpecification\",\"valueRequired\":true,\"valueName\":\"search_term_string\"}}],\"inLanguage\":\"es-CO\"},{\"@type\":\"Organization\",\"@id\":\"https:\\\/\\\/evagalvis.com\\\/#organization\",\"name\":\"Dental Surgery, Colombia | Eva Galvis Odontology\",\"url\":\"https:\\\/\\\/evagalvis.com\\\/\",\"logo\":{\"@type\":\"ImageObject\",\"inLanguage\":\"es-CO\",\"@id\":\"https:\\\/\\\/evagalvis.com\\\/#\\\/schema\\\/logo\\\/image\\\/\",\"url\":\"https:\\\/\\\/evagalvis.com\\\/wp-content\\\/uploads\\\/2024\\\/05\\\/Logo-scaled.jpg\",\"contentUrl\":\"https:\\\/\\\/evagalvis.com\\\/wp-content\\\/uploads\\\/2024\\\/05\\\/Logo-scaled.jpg\",\"width\":1414,\"height\":1080,\"caption\":\"Dental Surgery, Colombia | Eva Galvis Odontology\"},\"image\":{\"@id\":\"https:\\\/\\\/evagalvis.com\\\/#\\\/schema\\\/logo\\\/image\\\/\"},\"sameAs\":[\"https:\\\/\\\/www.facebook.com\\\/people\\\/Eva-Galvis-Odontologia\\\/100090570862041\\\/\",\"https:\\\/\\\/www.instagram.com\\\/draevagalvis\\\/\"]}]}<\/script>\n<!-- \/ Yoast SEO Premium plugin. -->","yoast_head_json":{"title":"Testimonials | Patient Testimonials by Dental Surgery, Colombia | Eva Galvis Odontology","description":"Discover patient testimonials at Dental Surgery, Colombia | Eva Galvis Odontology. Hear real experiences and see their smiles.","robots":{"index":"index","follow":"follow","max-snippet":"max-snippet:-1","max-image-preview":"max-image-preview:large","max-video-preview":"max-video-preview:-1"},"canonical":"https:\/\/evagalvis.com\/es\/our-patients\/","og_locale":"es_ES","og_type":"article","og_title":"Testimonials","og_description":"Discover patient testimonials at Dental Surgery, Colombia | Eva Galvis Odontology. Hear real experiences and see their smiles.","og_url":"https:\/\/evagalvis.com\/es\/our-patients\/","og_site_name":"Dental Surgery, Colombia | Eva Galvis Odontology","article_publisher":"https:\/\/www.facebook.com\/people\/Eva-Galvis-Odontologia\/100090570862041\/","article_modified_time":"2026-02-24T07:16:47+00:00","og_image":[{"width":512,"height":512,"url":"https:\/\/evagalvis.com\/wp-content\/uploads\/2024\/04\/EG-favicon.jpg","type":"image\/jpeg"}],"twitter_card":"summary_large_image","twitter_misc":{"Tiempo de lectura":"2 minutos"},"schema":{"@context":"https:\/\/schema.org","@graph":[{"@type":"WebPage","@id":"https:\/\/evagalvis.com\/our-patients\/","url":"https:\/\/evagalvis.com\/our-patients\/","name":"Testimonials | Patient Testimonials by Dental Surgery, Colombia | Eva Galvis Odontology","isPartOf":{"@id":"https:\/\/evagalvis.com\/#website"},"primaryImageOfPage":{"@id":"https:\/\/evagalvis.com\/our-patients\/#primaryimage"},"image":{"@id":"https:\/\/evagalvis.com\/our-patients\/#primaryimage"},"thumbnailUrl":"https:\/\/evagalvis.com\/wp-content\/uploads\/2024\/04\/EG-favicon.jpg","datePublished":"2024-04-19T08:00:06+00:00","dateModified":"2026-02-24T07:16:47+00:00","description":"Discover patient testimonials at Dental Surgery, Colombia | Eva Galvis Odontology. Hear real experiences and see their smiles.","breadcrumb":{"@id":"https:\/\/evagalvis.com\/our-patients\/#breadcrumb"},"inLanguage":"es-CO","potentialAction":[{"@type":"ReadAction","target":["https:\/\/evagalvis.com\/our-patients\/"]}]},{"@type":"ImageObject","inLanguage":"es-CO","@id":"https:\/\/evagalvis.com\/our-patients\/#primaryimage","url":"https:\/\/evagalvis.com\/wp-content\/uploads\/2024\/04\/EG-favicon.jpg","contentUrl":"https:\/\/evagalvis.com\/wp-content\/uploads\/2024\/04\/EG-favicon.jpg","width":512,"height":512,"caption":"A blue diamond with the letter e and g in it."},{"@type":"BreadcrumbList","@id":"https:\/\/evagalvis.com\/our-patients\/#breadcrumb","itemListElement":[{"@type":"ListItem","position":1,"name":"Home","item":"https:\/\/evagalvis.com\/"},{"@type":"ListItem","position":2,"name":"Testimonials"}]},{"@type":"WebSite","@id":"https:\/\/evagalvis.com\/#website","url":"https:\/\/evagalvis.com\/","name":"Cl\u00ednica Dental, Medell\u00edn | Eva Galvis Odontolog\u00eda","description":"Utilizamos tecnolog\u00eda digital para brindar tratamientos de primera clase y dise\u00f1o de sonrisa.","publisher":{"@id":"https:\/\/evagalvis.com\/#organization"},"potentialAction":[{"@type":"SearchAction","target":{"@type":"EntryPoint","urlTemplate":"https:\/\/evagalvis.com\/?s={search_term_string}"},"query-input":{"@type":"PropertyValueSpecification","valueRequired":true,"valueName":"search_term_string"}}],"inLanguage":"es-CO"},{"@type":"Organization","@id":"https:\/\/evagalvis.com\/#organization","name":"Cl\u00ednica Dental, Colombia | Eva Galvis Odontolog\u00eda","url":"https:\/\/evagalvis.com\/","logo":{"@type":"ImageObject","inLanguage":"es-CO","@id":"https:\/\/evagalvis.com\/#\/schema\/logo\/image\/","url":"https:\/\/evagalvis.com\/wp-content\/uploads\/2024\/05\/Logo-scaled.jpg","contentUrl":"https:\/\/evagalvis.com\/wp-content\/uploads\/2024\/05\/Logo-scaled.jpg","width":1414,"height":1080,"caption":"Dental Surgery, Colombia | Eva Galvis Odontology"},"image":{"@id":"https:\/\/evagalvis.com\/#\/schema\/logo\/image\/"},"sameAs":["https:\/\/www.facebook.com\/people\/Eva-Galvis-Odontologia\/100090570862041\/","https:\/\/www.instagram.com\/draevagalvis\/"]}]}},"_links":{"self":[{"href":"https:\/\/evagalvis.com\/es\/wp-json\/wp\/v2\/pages\/33","targetHints":{"allow":["GET"]}}],"collection":[{"href":"https:\/\/evagalvis.com\/es\/wp-json\/wp\/v2\/pages"}],"about":[{"href":"https:\/\/evagalvis.com\/es\/wp-json\/wp\/v2\/types\/page"}],"author":[{"embeddable":true,"href":"https:\/\/evagalvis.com\/es\/wp-json\/wp\/v2\/users\/1"}],"replies":[{"embeddable":true,"href":"https:\/\/evagalvis.com\/es\/wp-json\/wp\/v2\/comments?post=33"}],"version-history":[{"count":5,"href":"https:\/\/evagalvis.com\/es\/wp-json\/wp\/v2\/pages\/33\/revisions"}],"predecessor-version":[{"id":623,"href":"https:\/\/evagalvis.com\/es\/wp-json\/wp\/v2\/pages\/33\/revisions\/623"}],"wp:featuredmedia":[{"embeddable":true,"href":"https:\/\/evagalvis.com\/es\/wp-json\/wp\/v2\/media\/52"}],"wp:attachment":[{"href":"https:\/\/evagalvis.com\/es\/wp-json\/wp\/v2\/media?parent=33"}],"curies":[{"name":"wp","href":"https:\/\/api.w.org\/{rel}","templated":true}]}}