{"id":29,"date":"2024-04-19T08:00:06","date_gmt":"2024-04-19T08:00:06","guid":{"rendered":"https:\/\/evagalvis.com\/?page_id=29"},"modified":"2026-02-24T07:16:20","modified_gmt":"2026-02-24T07:16:20","slug":"international-patient-services","status":"publish","type":"page","link":"https:\/\/evagalvis.com\/es\/international-patient-services\/","title":{"rendered":"Servicios para pacientes internacionales"},"content":{"rendered":"<h1>\n\t\tComprehensive Dental Tourism in Colombia\n\t<\/h1>\n\t<p>Eva Galvis Odontolog\u00eda is redefining dental care through our specialized services in dental tourism in Colombia. Located in the vibrant city of Medell\u00edn, we cater to patients from around the globe, offering exceptional aesthetic, reconstructive, and preventative dental treatments. With many years of international experience and a commitment to utilizing the latest digital technology, our clinic ensures precise, aesthetically pleasing, and durable results.<\/p>\n\t<h2>\n\t\t\t\t\tDental  \n\t\t\t\tPreview text\t\t\t\n\t\t\t\t\tColombia\n\t\t\t<\/h2>\n\t<p>Dental tourism in Colombia has become a growing trend for individuals seeking top-tier dental care at a fraction of the cost. At Eva Galvis Odontolog\u00eda, we pair expertise with genuine care, delivering an experience rooted in professionalism and empathy. Whether you&#8217;re looking for a smile makeover through advanced smile design or require complex reconstructive dentistry, our skilled team is here to restore your confidence and oral health.<\/p>\n<p>Transform your smile with Eva Galvis Odontolog\u00eda.\u00a0<a href=\"https:\/\/evagalvis.com\/es\/free-online-consultation\/\">Schedule a free consultation today<\/a>\u00a0and take the first step toward experiencing the benefits of dental tourism in Colombia. Your healthiest, most radiant smile awaits.<\/p>\n<p>At Eva Galvis Odontolog\u00eda, we are proud to offer comprehensive dental tourism in Colombia, combining world-class dental care with the vibrant culture of our beautiful country. Our clinic is renowned for delivering exceptional dental treatments, including cosmetic dentistry, implants, and oral surgery, all at a fraction of the cost compared to other countries. Patients from around the world trust our experienced team of specialists who are committed to personalized care and cutting-edge techniques.<\/p>\n\t<h2>\n\t\t\t\t\tDental  \n\t\t\t\tPreview text\t\t\t\n\t\t\t\t\tColombia\n\t\t\t<\/h2>\n\t<p>Colombia is not only a destination for quality dental care but also for an enriching travel experience. Patients can enjoy recovering in picturesque locations, exploring colonial towns, or relaxing on pristine beaches between appointments. We understand the importance of comfort during medical travel, which is why we assist with every detail of your trip. From transportation and accommodation arrangements to ensuring you feel at ease throughout your treatment, we are with you every step of the way.<\/p>\n<p>Our state-of-the-art facilities and strict hygiene standards provide peace of mind, while the warmth and hospitality of our team ensure a pleasant, stress-free visit. At Eva Galvis Odontolog\u00eda, we combine the best of dentistry with the best of Colombia, giving you a reason to smile while you explore.\u00a0<a href=\"https:\/\/evagalvis.com\/es\/free-online-consultation\/\">Contact us<\/a>\u00a0today for more information.<\/p>\n\t<h2>\n\t\t\t\t\tWe welcome \n\t\t\t\tPreview text\t\t\t\n\t\t\t\t\tto Medell\u00edn\n\t\t\t<\/h2>\n\t<p>Medell\u00edn es una de las ciudades m\u00e1s vibrantes de Am\u00e9rica Latina y un fabuloso destino tur\u00edstico. Damos la bienvenida a Medell\u00edn a pacientes internacionales de todo el mundo y estamos encantados de ayudarle con el viaje y el alojamiento.<\/p>\n<p>Contamos con una excelente ubicaci\u00f3n en El Poblado, el centro tur\u00edstico de la ciudad, a s\u00f3lo 35 minutos del Aeropuerto Internacional Jos\u00e9 Mar\u00eda C\u00f3rdova. Con muchos hoteles de lujo cerca, deliciosa comida colombiana y maravillosas vistas para ver, seguramente disfrutar\u00e1 su estad\u00eda con nosotros.<\/p>\n<p><strong>Ofrecemos a nuestros pacientes internacionales:<\/strong><\/p>\n<ul>\n<li>Una c\u00e1lida y amistosa bienvenida<\/li>\n<li>Atenci\u00f3n personalizada y prioritaria<\/li>\n<li>Reservas programadas desde cualquier parte del mundo<\/li>\n<li>Consejos sobre d\u00f3nde ir y qu\u00e9 ver<\/li>\n<li>Planes de tratamiento personalizados que se adaptan a su horario<\/li>\n<\/ul>\n\t\t\t<a href=\"https:\/\/evagalvis.com\/es\/free-online-consultation\/\" target=\"_self\">\n\t\t\t\t\t\t\tReserve una consulta gratuita\n\t\t\t\t\t<\/a>\n\t\t\t\t\t\t\t\t\t<img loading=\"lazy\" decoding=\"async\" src=\"https:\/\/evagalvis.com\/wp-content\/uploads\/bb-plugin\/cache\/shutterstock_2257159579-copy-landscape.jpg\" alt=\"A man and woman looking out over the water.\" itemprop=\"image\" height=\"1000\" width=\"1000\" title=\"shutterstock_2257159579-copy\" onerror=\"this.style.display='none'\"  \/>\n<h3>\n\t\tViajes y Transporte\n\t<\/h3>\n\t<p>Organizamos servicios integrales de viajes internacionales para pacientes, desde el momento en que llega al Aeropuerto Internacional Jos\u00e9 Mar\u00eda C\u00f3rdoba hasta el momento en que regresa a casa.<\/p>\n<p>Nuestros conductores experimentados y amables pueden mostrarle Medell\u00edn y sus hermosos alrededores.<\/p>\n\t\t\t\t\t\t\t\t\t<img loading=\"lazy\" decoding=\"async\" src=\"https:\/\/evagalvis.com\/wp-content\/uploads\/bb-plugin\/cache\/shutterstock_1800283969-copy-landscape.jpg\" alt=\"A mountain with many houses on it\" itemprop=\"image\" height=\"1000\" width=\"1000\" title=\"shutterstock_1800283969-copy\" onerror=\"this.style.display='none'\"  \/>\n<h3>\n\t\tAlojamiento\n\t<\/h3>\n\t<p>Tenemos acuerdos con algunos de los mejores hoteles de El Poblado, que ofrecen tarifas especiales para nuestros pacientes.<\/p>\n\t\t\t\t\t\t\t\t\t<img loading=\"lazy\" decoding=\"async\" src=\"https:\/\/evagalvis.com\/wp-content\/uploads\/bb-plugin\/cache\/shutterstock_617151569-copy-landscape.jpg\" alt=\"A woman sitting on top of a building looking at the water.\" itemprop=\"image\" height=\"1000\" width=\"1000\" title=\"shutterstock_617151569-copy\" onerror=\"this.style.display='none'\"  \/>\n<h3>\n\t\tTurismo\n\t<\/h3>\n\t<p>Con nuestra agencia asociada <strong><a href=\"https:\/\/www.turismoenmedellin.com\/\">Turismo en Medell\u00edn<\/a><\/strong> podemos organizar recorridos tur\u00edsticos en Medell\u00edn y m\u00e1s all\u00e1.<\/p>\n<p>Todos los recorridos se realizan con un gu\u00eda que lo acompa\u00f1ar\u00e1 durante todo el recorrido, y cada persona tendr\u00e1 una tarjeta de asistencia m\u00e9dica.<\/p>","protected":false},"excerpt":{"rendered":"<p>Comprehensive Dental Tourism in Colombia Eva Galvis Odontolog\u00eda is redefining dental care through our specialized services in dental tourism in Colombia. Located in the vibrant city of Medell\u00edn, we cater to patients from around the globe, offering exceptional aesthetic, reconstructive, and preventative dental treatments. With many years of international experience and a commitment to utilizing&hellip;<\/p>","protected":false},"author":1,"featured_media":52,"parent":0,"menu_order":0,"comment_status":"closed","ping_status":"closed","template":"","meta":{"footnotes":""},"class_list":["post-29","page","type-page","status-publish","has-post-thumbnail","hentry"],"yoast_head":"<!-- This site is optimized with the Yoast SEO Premium plugin v26.3 (Yoast SEO v27.4) - https:\/\/yoast.com\/product\/yoast-seo-premium-wordpress\/ -->\n<title>Dental Tourism Colombia | International Patient Services<\/title>\n<meta name=\"description\" content=\"Discover Dental Tourism Colombia at Dental Surgery, Colombia | Eva Galvis Odontology. Enjoy world-class care and vibrant culture.\" \/>\n<meta name=\"robots\" content=\"index, follow, max-snippet:-1, max-image-preview:large, max-video-preview:-1\" \/>\n<link rel=\"canonical\" href=\"https:\/\/evagalvis.com\/es\/international-patient-services\/\" \/>\n<meta property=\"og:locale\" content=\"es_ES\" \/>\n<meta property=\"og:type\" content=\"article\" \/>\n<meta property=\"og:title\" content=\"International Patient Services\" \/>\n<meta property=\"og:description\" content=\"Discover Dental Tourism Colombia at Dental Surgery, Colombia | Eva Galvis Odontology. Enjoy world-class care and vibrant culture.\" \/>\n<meta property=\"og:url\" content=\"https:\/\/evagalvis.com\/es\/international-patient-services\/\" \/>\n<meta property=\"og:site_name\" content=\"Dental Surgery, Colombia | Eva Galvis Odontology\" \/>\n<meta property=\"article:publisher\" content=\"https:\/\/www.facebook.com\/people\/Eva-Galvis-Odontologia\/100090570862041\/\" \/>\n<meta property=\"article:modified_time\" content=\"2026-02-24T07:16:20+00:00\" \/>\n<meta property=\"og:image\" content=\"https:\/\/evagalvis.com\/wp-content\/uploads\/2024\/04\/EG-favicon.jpg\" \/>\n\t<meta property=\"og:image:width\" content=\"512\" \/>\n\t<meta property=\"og:image:height\" content=\"512\" \/>\n\t<meta property=\"og:image:type\" content=\"image\/jpeg\" \/>\n<meta name=\"twitter:card\" content=\"summary_large_image\" \/>\n<meta name=\"twitter:label1\" content=\"Tiempo de lectura\" \/>\n\t<meta name=\"twitter:data1\" content=\"4 minutos\" \/>\n<script type=\"application\/ld+json\" class=\"yoast-schema-graph\">{\"@context\":\"https:\\\/\\\/schema.org\",\"@graph\":[{\"@type\":\"WebPage\",\"@id\":\"https:\\\/\\\/evagalvis.com\\\/international-patient-services\\\/\",\"url\":\"https:\\\/\\\/evagalvis.com\\\/international-patient-services\\\/\",\"name\":\"Dental Tourism Colombia | International Patient Services\",\"isPartOf\":{\"@id\":\"https:\\\/\\\/evagalvis.com\\\/#website\"},\"primaryImageOfPage\":{\"@id\":\"https:\\\/\\\/evagalvis.com\\\/international-patient-services\\\/#primaryimage\"},\"image\":{\"@id\":\"https:\\\/\\\/evagalvis.com\\\/international-patient-services\\\/#primaryimage\"},\"thumbnailUrl\":\"https:\\\/\\\/evagalvis.com\\\/wp-content\\\/uploads\\\/2024\\\/04\\\/EG-favicon.jpg\",\"datePublished\":\"2024-04-19T08:00:06+00:00\",\"dateModified\":\"2026-02-24T07:16:20+00:00\",\"description\":\"Discover Dental Tourism Colombia at Dental Surgery, Colombia | Eva Galvis Odontology. Enjoy world-class care and vibrant culture.\",\"breadcrumb\":{\"@id\":\"https:\\\/\\\/evagalvis.com\\\/international-patient-services\\\/#breadcrumb\"},\"inLanguage\":\"es-CO\",\"potentialAction\":[{\"@type\":\"ReadAction\",\"target\":[\"https:\\\/\\\/evagalvis.com\\\/international-patient-services\\\/\"]}]},{\"@type\":\"ImageObject\",\"inLanguage\":\"es-CO\",\"@id\":\"https:\\\/\\\/evagalvis.com\\\/international-patient-services\\\/#primaryimage\",\"url\":\"https:\\\/\\\/evagalvis.com\\\/wp-content\\\/uploads\\\/2024\\\/04\\\/EG-favicon.jpg\",\"contentUrl\":\"https:\\\/\\\/evagalvis.com\\\/wp-content\\\/uploads\\\/2024\\\/04\\\/EG-favicon.jpg\",\"width\":512,\"height\":512,\"caption\":\"A blue diamond with the letter e and g in it.\"},{\"@type\":\"BreadcrumbList\",\"@id\":\"https:\\\/\\\/evagalvis.com\\\/international-patient-services\\\/#breadcrumb\",\"itemListElement\":[{\"@type\":\"ListItem\",\"position\":1,\"name\":\"Home\",\"item\":\"https:\\\/\\\/evagalvis.com\\\/\"},{\"@type\":\"ListItem\",\"position\":2,\"name\":\"International Patient Services\"}]},{\"@type\":\"WebSite\",\"@id\":\"https:\\\/\\\/evagalvis.com\\\/#website\",\"url\":\"https:\\\/\\\/evagalvis.com\\\/\",\"name\":\"Dental Surgery, Medell\u00edn | Eva Galvis Odontology\",\"description\":\"We use digital technology to deliver first-class treatments and smile design.\",\"publisher\":{\"@id\":\"https:\\\/\\\/evagalvis.com\\\/#organization\"},\"potentialAction\":[{\"@type\":\"SearchAction\",\"target\":{\"@type\":\"EntryPoint\",\"urlTemplate\":\"https:\\\/\\\/evagalvis.com\\\/?s={search_term_string}\"},\"query-input\":{\"@type\":\"PropertyValueSpecification\",\"valueRequired\":true,\"valueName\":\"search_term_string\"}}],\"inLanguage\":\"es-CO\"},{\"@type\":\"Organization\",\"@id\":\"https:\\\/\\\/evagalvis.com\\\/#organization\",\"name\":\"Dental Surgery, Colombia | Eva Galvis Odontology\",\"url\":\"https:\\\/\\\/evagalvis.com\\\/\",\"logo\":{\"@type\":\"ImageObject\",\"inLanguage\":\"es-CO\",\"@id\":\"https:\\\/\\\/evagalvis.com\\\/#\\\/schema\\\/logo\\\/image\\\/\",\"url\":\"https:\\\/\\\/evagalvis.com\\\/wp-content\\\/uploads\\\/2024\\\/05\\\/Logo-scaled.jpg\",\"contentUrl\":\"https:\\\/\\\/evagalvis.com\\\/wp-content\\\/uploads\\\/2024\\\/05\\\/Logo-scaled.jpg\",\"width\":1414,\"height\":1080,\"caption\":\"Dental Surgery, Colombia | Eva Galvis Odontology\"},\"image\":{\"@id\":\"https:\\\/\\\/evagalvis.com\\\/#\\\/schema\\\/logo\\\/image\\\/\"},\"sameAs\":[\"https:\\\/\\\/www.facebook.com\\\/people\\\/Eva-Galvis-Odontologia\\\/100090570862041\\\/\",\"https:\\\/\\\/www.instagram.com\\\/draevagalvis\\\/\"]}]}<\/script>\n<!-- \/ Yoast SEO Premium plugin. -->","yoast_head_json":{"title":"Dental Tourism Colombia | International Patient Services","description":"Discover Dental Tourism Colombia at Dental Surgery, Colombia | Eva Galvis Odontology. Enjoy world-class care and vibrant culture.","robots":{"index":"index","follow":"follow","max-snippet":"max-snippet:-1","max-image-preview":"max-image-preview:large","max-video-preview":"max-video-preview:-1"},"canonical":"https:\/\/evagalvis.com\/es\/international-patient-services\/","og_locale":"es_ES","og_type":"article","og_title":"International Patient Services","og_description":"Discover Dental Tourism Colombia at Dental Surgery, Colombia | Eva Galvis Odontology. Enjoy world-class care and vibrant culture.","og_url":"https:\/\/evagalvis.com\/es\/international-patient-services\/","og_site_name":"Dental Surgery, Colombia | Eva Galvis Odontology","article_publisher":"https:\/\/www.facebook.com\/people\/Eva-Galvis-Odontologia\/100090570862041\/","article_modified_time":"2026-02-24T07:16:20+00:00","og_image":[{"width":512,"height":512,"url":"https:\/\/evagalvis.com\/wp-content\/uploads\/2024\/04\/EG-favicon.jpg","type":"image\/jpeg"}],"twitter_card":"summary_large_image","twitter_misc":{"Tiempo de lectura":"4 minutos"},"schema":{"@context":"https:\/\/schema.org","@graph":[{"@type":"WebPage","@id":"https:\/\/evagalvis.com\/international-patient-services\/","url":"https:\/\/evagalvis.com\/international-patient-services\/","name":"Dental Tourism Colombia | International Patient Services","isPartOf":{"@id":"https:\/\/evagalvis.com\/#website"},"primaryImageOfPage":{"@id":"https:\/\/evagalvis.com\/international-patient-services\/#primaryimage"},"image":{"@id":"https:\/\/evagalvis.com\/international-patient-services\/#primaryimage"},"thumbnailUrl":"https:\/\/evagalvis.com\/wp-content\/uploads\/2024\/04\/EG-favicon.jpg","datePublished":"2024-04-19T08:00:06+00:00","dateModified":"2026-02-24T07:16:20+00:00","description":"Discover Dental Tourism Colombia at Dental Surgery, Colombia | Eva Galvis Odontology. Enjoy world-class care and vibrant culture.","breadcrumb":{"@id":"https:\/\/evagalvis.com\/international-patient-services\/#breadcrumb"},"inLanguage":"es-CO","potentialAction":[{"@type":"ReadAction","target":["https:\/\/evagalvis.com\/international-patient-services\/"]}]},{"@type":"ImageObject","inLanguage":"es-CO","@id":"https:\/\/evagalvis.com\/international-patient-services\/#primaryimage","url":"https:\/\/evagalvis.com\/wp-content\/uploads\/2024\/04\/EG-favicon.jpg","contentUrl":"https:\/\/evagalvis.com\/wp-content\/uploads\/2024\/04\/EG-favicon.jpg","width":512,"height":512,"caption":"A blue diamond with the letter e and g in it."},{"@type":"BreadcrumbList","@id":"https:\/\/evagalvis.com\/international-patient-services\/#breadcrumb","itemListElement":[{"@type":"ListItem","position":1,"name":"Home","item":"https:\/\/evagalvis.com\/"},{"@type":"ListItem","position":2,"name":"International Patient Services"}]},{"@type":"WebSite","@id":"https:\/\/evagalvis.com\/#website","url":"https:\/\/evagalvis.com\/","name":"Cl\u00ednica Dental, Medell\u00edn | Eva Galvis Odontolog\u00eda","description":"Utilizamos tecnolog\u00eda digital para brindar tratamientos de primera clase y dise\u00f1o de sonrisa.","publisher":{"@id":"https:\/\/evagalvis.com\/#organization"},"potentialAction":[{"@type":"SearchAction","target":{"@type":"EntryPoint","urlTemplate":"https:\/\/evagalvis.com\/?s={search_term_string}"},"query-input":{"@type":"PropertyValueSpecification","valueRequired":true,"valueName":"search_term_string"}}],"inLanguage":"es-CO"},{"@type":"Organization","@id":"https:\/\/evagalvis.com\/#organization","name":"Cl\u00ednica Dental, Colombia | Eva Galvis Odontolog\u00eda","url":"https:\/\/evagalvis.com\/","logo":{"@type":"ImageObject","inLanguage":"es-CO","@id":"https:\/\/evagalvis.com\/#\/schema\/logo\/image\/","url":"https:\/\/evagalvis.com\/wp-content\/uploads\/2024\/05\/Logo-scaled.jpg","contentUrl":"https:\/\/evagalvis.com\/wp-content\/uploads\/2024\/05\/Logo-scaled.jpg","width":1414,"height":1080,"caption":"Dental Surgery, Colombia | Eva Galvis Odontology"},"image":{"@id":"https:\/\/evagalvis.com\/#\/schema\/logo\/image\/"},"sameAs":["https:\/\/www.facebook.com\/people\/Eva-Galvis-Odontologia\/100090570862041\/","https:\/\/www.instagram.com\/draevagalvis\/"]}]}},"_links":{"self":[{"href":"https:\/\/evagalvis.com\/es\/wp-json\/wp\/v2\/pages\/29","targetHints":{"allow":["GET"]}}],"collection":[{"href":"https:\/\/evagalvis.com\/es\/wp-json\/wp\/v2\/pages"}],"about":[{"href":"https:\/\/evagalvis.com\/es\/wp-json\/wp\/v2\/types\/page"}],"author":[{"embeddable":true,"href":"https:\/\/evagalvis.com\/es\/wp-json\/wp\/v2\/users\/1"}],"replies":[{"embeddable":true,"href":"https:\/\/evagalvis.com\/es\/wp-json\/wp\/v2\/comments?post=29"}],"version-history":[{"count":5,"href":"https:\/\/evagalvis.com\/es\/wp-json\/wp\/v2\/pages\/29\/revisions"}],"predecessor-version":[{"id":541,"href":"https:\/\/evagalvis.com\/es\/wp-json\/wp\/v2\/pages\/29\/revisions\/541"}],"wp:featuredmedia":[{"embeddable":true,"href":"https:\/\/evagalvis.com\/es\/wp-json\/wp\/v2\/media\/52"}],"wp:attachment":[{"href":"https:\/\/evagalvis.com\/es\/wp-json\/wp\/v2\/media?parent=29"}],"curies":[{"name":"wp","href":"https:\/\/api.w.org\/{rel}","templated":true}]}}