{"id":27,"date":"2024-04-19T08:00:06","date_gmt":"2024-04-19T08:00:06","guid":{"rendered":"https:\/\/evagalvis.com\/?page_id=27"},"modified":"2026-02-24T07:15:25","modified_gmt":"2026-02-24T07:15:25","slug":"digital-dentistry","status":"publish","type":"page","link":"https:\/\/evagalvis.com\/es\/digital-dentistry\/","title":{"rendered":"Odontolog\u00eda Digital"},"content":{"rendered":"<!DOCTYPE html PUBLIC \"-\/\/W3C\/\/DTD HTML 4.0 Transitional\/\/EN\" \"http:\/\/www.w3.org\/TR\/REC-html40\/loose.dtd\">\n<html><body><h1>\n\t\tOdontolog\u00eda Digital: vive el futuro con nosotros\n\t<\/h1>\n\t<h2>\n\t\t\t\t\tWelcome to the world of\n\t\t\t\tPreview text\t\t\t\n\t\t\t<\/h2>\n\t<p>At Eva Galvis Odontolog&Atilde;&shy;a we have the very latest international technology.<\/p>\n<p>Toda nuestras im\u00e1genes, dise\u00f1os y fabricaci\u00f3n se realizan de forma digital.<\/p>\n<p>Aqu\u00ed te mostramos algunas de las cosas incre\u00edbles que hacemos.<\/p>\n\t<meta itemprop=\"url\" content=\"https:\/\/evagalvis.com\/wp-content\/uploads\/2024\/05\/Caries-01.mp4\"><div style=\"width: 640px;\" class=\"wp-video\"><video class=\"wp-video-shortcode\" id=\"video-27-1\" width=\"640\" height=\"360\" poster=\"https:\/\/evagalvis.com\/wp-content\/uploads\/2024\/08\/IMG_6064-scaled.jpg\" loop preload=\"none\" controls=\"controls\"><source type=\"video\/mp4\" src=\"https:\/\/evagalvis.com\/wp-content\/uploads\/2024\/05\/Caries-01.mp4?_=1\" \/><a href=\"https:\/\/evagalvis.com\/wp-content\/uploads\/2024\/05\/Caries-01.mp4\">https:\/\/evagalvis.com\/wp-content\/uploads\/2024\/05\/Caries-01.mp4<\/a><\/video><\/div>\n\t<meta itemprop=\"url\" content=\"https:\/\/evagalvis.com\/wp-content\/uploads\/2024\/05\/Incrustacion-01.mp4\"><div style=\"width: 640px;\" class=\"wp-video\"><video class=\"wp-video-shortcode\" id=\"video-27-2\" width=\"640\" height=\"360\" poster=\"https:\/\/evagalvis.com\/wp-content\/uploads\/2024\/08\/IMG_6065-scaled.jpg\" loop preload=\"none\" controls=\"controls\"><source type=\"video\/mp4\" src=\"https:\/\/evagalvis.com\/wp-content\/uploads\/2024\/05\/Incrustacion-01.mp4?_=2\" \/><a href=\"https:\/\/evagalvis.com\/wp-content\/uploads\/2024\/05\/Incrustacion-01.mp4\">https:\/\/evagalvis.com\/wp-content\/uploads\/2024\/05\/Incrustacion-01.mp4<\/a><\/video><\/div>\n\t<meta itemprop=\"url\" content=\"https:\/\/evagalvis.com\/wp-content\/uploads\/2024\/05\/Mordida-01.mp4\"><div style=\"width: 640px;\" class=\"wp-video\"><video class=\"wp-video-shortcode\" id=\"video-27-3\" width=\"640\" height=\"360\" poster=\"https:\/\/evagalvis.com\/wp-content\/uploads\/2024\/08\/IMG_6066-scaled.jpg\" loop preload=\"none\" controls=\"controls\"><source type=\"video\/mp4\" src=\"https:\/\/evagalvis.com\/wp-content\/uploads\/2024\/05\/Mordida-01.mp4?_=3\" \/><a href=\"https:\/\/evagalvis.com\/wp-content\/uploads\/2024\/05\/Mordida-01.mp4\">https:\/\/evagalvis.com\/wp-content\/uploads\/2024\/05\/Mordida-01.mp4<\/a><\/video><\/div>\n\t<h2>\n\t\t\t\t\tSee our\n\t\t\t\tPreview text\t\t\t\n\t\t\t\t\tin action!\n\t\t\t<\/h2>\n\t<iframe allowfullscreen allow=\"autoplay\" data-src=\"https:\/\/www.youtube-nocookie.com\/embed\/v0RnN_Zmq7E?feature=oembed&amp;playlist=v0RnN_Zmq7E&amp;start&amp;end&amp;wmode=opaque&amp;loop=1&amp;controls=0&amp;mute=0&amp;rel=0&amp;modestbranding=1\"><\/iframe>\t\t\n\t\t\t\t\tPlay Video\n\t<iframe allowfullscreen allow=\"autoplay\" data-src=\"https:\/\/www.youtube-nocookie.com\/embed\/bFt2lfES1ag?feature=oembed&amp;playlist=bFt2lfES1ag&amp;start&amp;end&amp;wmode=opaque&amp;loop=1&amp;controls=0&amp;mute=0&amp;rel=0&amp;modestbranding=1\"><\/iframe>\t\t\n\t\t\t\t\tPlay Video\n\t<h2>\n\t\t\t\t\tMeet our\n\t\t\t\tPreview text\t\t\t\n\t\t\t\t\ttechnology!\n\t\t\t<\/h2>\n\t<p>Las im\u00e1genes digitales son c\u00f3modas para el paciente y de gran valor para el odont\u00f3logo.<\/p>\n<p>Las im\u00e1genes de alta calidad nos brindan mejor informaci\u00f3n para detectar enfermedades y anomal\u00edas.<\/p>\n<p>Con el diagn\u00f3stico m\u00e1s preciso podremos preparar el mejor plan de tratamiento.<\/p>\n<p>&nbsp;<\/p>\n<h3>\n\t\tC\u00e1mara Intraoral\n\t<\/h3>\n\t<p>Una peque\u00f1a c\u00e1mara digital que toma im\u00e1genes de alta resoluci\u00f3n de la cavidad bucal. Nos permite mostrarte el estado actual de tus dientes en tiempo real, mejorando la confianza y la comunicaci\u00f3n entre el paciente y el odont\u00f3logo.<\/p>\n<h3>\n\t\tRadiovisi\u00f3grafo Digital\n\t<\/h3>\n\t<p>Muy c\u00f3modo para el paciente, se obtienen im\u00e1genes radiogr\u00e1ficas digitales instant\u00e1neas con mayor claridad y se transfieren autom\u00e1ticamente al computador.<\/p>\n<h3>\n\t\tScanner 3D\n\t<\/h3>\n\t<p>Usando un esc\u00e1ner \u00f3ptico, podemos capturar digitalmente la anatom\u00eda de sus dientes para crear una imagen en 3D. El esc\u00e1ner funciona con gran precisi\u00f3n y se conecta a nuestro software de dise\u00f1o asistido por computador.<\/p>\n\t<meta itemprop=\"url\" content=\"https:\/\/evagalvis.com\/wp-content\/uploads\/2024\/05\/Scanner-02.mp4\"><div style=\"width: 640px;\" class=\"wp-video\"><video class=\"wp-video-shortcode\" id=\"video-27-4\" width=\"640\" height=\"360\" poster=\"https:\/\/evagalvis.com\/wp-content\/uploads\/2024\/08\/IMG_6072-scaled.jpg\" loop preload=\"none\" controls=\"controls\"><source type=\"video\/mp4\" src=\"https:\/\/evagalvis.com\/wp-content\/uploads\/2024\/05\/Scanner-02.mp4?_=4\" \/><a href=\"https:\/\/evagalvis.com\/wp-content\/uploads\/2024\/05\/Scanner-02.mp4\">https:\/\/evagalvis.com\/wp-content\/uploads\/2024\/05\/Scanner-02.mp4<\/a><\/video><\/div>\n\t<meta itemprop=\"url\" content=\"https:\/\/evagalvis.com\/wp-content\/uploads\/2024\/05\/Patient-Care-01.mp4\"><div style=\"width: 640px;\" class=\"wp-video\"><video class=\"wp-video-shortcode\" id=\"video-27-5\" width=\"640\" height=\"360\" poster=\"https:\/\/evagalvis.com\/wp-content\/uploads\/2024\/08\/IMG_6073-scaled.jpg\" loop preload=\"none\" controls=\"controls\"><source type=\"video\/mp4\" src=\"https:\/\/evagalvis.com\/wp-content\/uploads\/2024\/05\/Patient-Care-01.mp4?_=5\" \/><a href=\"https:\/\/evagalvis.com\/wp-content\/uploads\/2024\/05\/Patient-Care-01.mp4\">https:\/\/evagalvis.com\/wp-content\/uploads\/2024\/05\/Patient-Care-01.mp4<\/a><\/video><\/div>\n\t<h2>\n\t\t\t\t\tComputer-aided\n\t\t\t\tPreview text\t\t\t\n\t\t\t\t\ttechnology\n\t\t\t<\/h2>\n\t<p>El software de dise\u00f1o asistido por ordenador (CAD) nos permite realizar un dise\u00f1o que se ajusta perfectamente a la anatom\u00eda de sus dientes naturales.<\/p>\n<p>El dise\u00f1o asistido por computador tiene muchas ventajas para nuestros pacientes:<\/p>\n<ul>\n<li>Todas las mediciones se obtienen a partir de un escaneo digital de alta precisi\u00f3n, no de impresiones f\u00edsicas.<\/li>\n<li>The design is customized and extremely accurate. &Acirc;&nbsp;Our crowns, inlays and veneers are guaranteed to be a perfect fit with your natural teeth.<\/li>\n<li>El paciente puede participar en el proceso de dise\u00f1o.<\/li>\n<li>Realizamos modelos 3D para que nuestros pacientes puedan ver su nueva sonrisa antes de la adaptaci\u00f3n.<\/li>\n<\/ul>\n\t<meta itemprop=\"url\" content=\"https:\/\/evagalvis.com\/wp-content\/uploads\/2024\/05\/Diseno-computerizado-02.mp4\"><div style=\"width: 640px;\" class=\"wp-video\"><video class=\"wp-video-shortcode\" id=\"video-27-6\" width=\"640\" height=\"360\" poster=\"https:\/\/evagalvis.com\/wp-content\/uploads\/2024\/08\/IMG_6074-scaled.jpg\" loop preload=\"none\" controls=\"controls\"><source type=\"video\/mp4\" src=\"https:\/\/evagalvis.com\/wp-content\/uploads\/2024\/05\/Diseno-computerizado-02.mp4?_=6\" \/><a href=\"https:\/\/evagalvis.com\/wp-content\/uploads\/2024\/05\/Diseno-computerizado-02.mp4\">https:\/\/evagalvis.com\/wp-content\/uploads\/2024\/05\/Diseno-computerizado-02.mp4<\/a><\/video><\/div>\n\t<meta itemprop=\"url\" content=\"https:\/\/evagalvis.com\/wp-content\/uploads\/2024\/05\/Diseno-computerizado.mp4\"><div style=\"width: 640px;\" class=\"wp-video\"><video class=\"wp-video-shortcode\" id=\"video-27-7\" width=\"640\" height=\"360\" poster=\"https:\/\/evagalvis.com\/wp-content\/uploads\/2024\/08\/IMG_6075-scaled.jpg\" loop preload=\"none\" controls=\"controls\"><source type=\"video\/mp4\" src=\"https:\/\/evagalvis.com\/wp-content\/uploads\/2024\/05\/Diseno-computerizado.mp4?_=7\" \/><a href=\"https:\/\/evagalvis.com\/wp-content\/uploads\/2024\/05\/Diseno-computerizado.mp4\">https:\/\/evagalvis.com\/wp-content\/uploads\/2024\/05\/Diseno-computerizado.mp4<\/a><\/video><\/div>\n\t<h2>\n\t\t\t\t\tComputer-aided\n\t\t\t\tPreview text\t\t\t\n\t\t\t\t\ttechnology\n\t\t\t<\/h2>\n\t<p>Nuestro dise\u00f1o computarizado se env\u00eda directamente a nuestra fresadora, donde fabricamos su restauraci\u00f3n dental a partir de un solo bloque de cer\u00e1mica de alta resistencia.<\/p>\n<p>La fresadora puede fabricar un diente completo en unos 15 minutos.<\/p>\n<p>La restauraci\u00f3n se termina a mano para darle un aspecto completamente natural antes de colocarla permanentemente en la boca.<\/p>\n<p>La fabricaci\u00f3n asistida por computador tiene muchas ventajas para nuestros pacientes:<\/p>\n<ul>\n<li>The process is highly accurate (to 25&Icirc;&frac14;m).<\/li>\n<li>Los tiempos de espera y los errores de laboratorio se eliminan.<\/li>\n<li>La mayor\u00eda de los tratamientos se pueden realizar en un solo d\u00eda.<\/li>\n<li>Los resultados tienen una apariencia hermosa y natural y durar\u00e1n muchos a\u00f1os.<\/li>\n<\/ul>\n\t<meta itemprop=\"url\" content=\"https:\/\/evagalvis.com\/wp-content\/uploads\/2024\/05\/Diseno-computerizado-03.mp4\"><div style=\"width: 640px;\" class=\"wp-video\"><video class=\"wp-video-shortcode\" id=\"video-27-8\" width=\"640\" height=\"360\" poster=\"https:\/\/evagalvis.com\/wp-content\/uploads\/2024\/08\/IMG_6080-scaled.jpg\" loop preload=\"none\" controls=\"controls\"><source type=\"video\/mp4\" src=\"https:\/\/evagalvis.com\/wp-content\/uploads\/2024\/05\/Diseno-computerizado-03.mp4?_=8\" \/><a href=\"https:\/\/evagalvis.com\/wp-content\/uploads\/2024\/05\/Diseno-computerizado-03.mp4\">https:\/\/evagalvis.com\/wp-content\/uploads\/2024\/05\/Diseno-computerizado-03.mp4<\/a><\/video><\/div>\n\t<meta itemprop=\"url\" content=\"https:\/\/evagalvis.com\/wp-content\/uploads\/2024\/05\/Fresadora-01.mp4\"><div style=\"width: 640px;\" class=\"wp-video\"><video class=\"wp-video-shortcode\" id=\"video-27-9\" width=\"640\" height=\"360\" poster=\"https:\/\/evagalvis.com\/wp-content\/uploads\/2024\/08\/IMG_6082-scaled.jpg\" loop preload=\"none\" controls=\"controls\"><source type=\"video\/mp4\" src=\"https:\/\/evagalvis.com\/wp-content\/uploads\/2024\/05\/Fresadora-01.mp4?_=9\" \/><a href=\"https:\/\/evagalvis.com\/wp-content\/uploads\/2024\/05\/Fresadora-01.mp4\">https:\/\/evagalvis.com\/wp-content\/uploads\/2024\/05\/Fresadora-01.mp4<\/a><\/video><\/div>\n\t<h2>\n\t\t\t\t\tWhat our\n\t\t\t\tPreview text\t\t\t\n\t\t\t<\/h2>\n\t<p>Nuestros pacientes est\u00e1n en el centro de todo lo que hacemos.<\/p>\n<p>Escuche lo que tienen que decir sobre sus experiencias con nosotros.<\/p>\n\t\t\t<a href=\"https:\/\/evagalvis.com\/es\/testimonials\/\" target=\"_self\" rel=\"noopener\">\n\t\t\t\t\t\t\tLeer m\u00e1s\n\t\t\t\t\t<\/a>\n\t<h2>\n\t\t\t\t\tReady to schedule \n\t\t\t\tPreview text\t\t\t\n\t\t\t<\/h2>\n\t<p>Contact us today to speak with a member of our team. We&#8217;re here to help you achieve your dental health goals.<\/p>\n\t\t\t<a href=\"https:\/\/evagalvis.com\/es\/free-online-consultation\/\" target=\"_self\" rel=\"noopener\">\n\t\t\t\t\t\t\tReserve una consulta gratuita\n\t\t\t\t\t<\/a>\n\n<\/body><\/html>","protected":false},"excerpt":{"rendered":"<p>Digital Dentistry: experience the future with us Welcome to the world of Preview text At Eva Galvis Odontolog&Atilde;&shy;a we have the very latest international technology. All our imaging, design and manufacturing is undertaken digitally. Here we show you some of the amazing things we do. See our Preview text in action! Play Video Play Video&hellip;<\/p>","protected":false},"author":1,"featured_media":52,"parent":0,"menu_order":0,"comment_status":"closed","ping_status":"closed","template":"","meta":{"footnotes":""},"class_list":["post-27","page","type-page","status-publish","has-post-thumbnail","hentry"],"yoast_head":"<!-- This site is optimized with the Yoast SEO Premium plugin v26.3 (Yoast SEO v27.4) - https:\/\/yoast.com\/product\/yoast-seo-premium-wordpress\/ -->\n<title>Digital Dentistry | Digital Imaging Technology by Dental Surgery, Colombia | Eva Galvis Odontology<\/title>\n<meta name=\"description\" content=\"Discover Digital Imaging Technology with Dental Surgery, Colombia | Eva Galvis Odontology. Experience cutting-edge dental solutions today.\" \/>\n<meta name=\"robots\" content=\"index, follow, max-snippet:-1, max-image-preview:large, max-video-preview:-1\" \/>\n<link rel=\"canonical\" href=\"https:\/\/evagalvis.com\/es\/digital-dentistry\/\" \/>\n<meta property=\"og:locale\" content=\"es_ES\" \/>\n<meta property=\"og:type\" content=\"article\" \/>\n<meta property=\"og:title\" content=\"Digital Dentistry\" \/>\n<meta property=\"og:description\" content=\"Discover Digital Imaging Technology with Dental Surgery, Colombia | Eva Galvis Odontology. Experience cutting-edge dental solutions today.\" \/>\n<meta property=\"og:url\" content=\"https:\/\/evagalvis.com\/es\/digital-dentistry\/\" \/>\n<meta property=\"og:site_name\" content=\"Dental Surgery, Colombia | Eva Galvis Odontology\" \/>\n<meta property=\"article:publisher\" content=\"https:\/\/www.facebook.com\/people\/Eva-Galvis-Odontologia\/100090570862041\/\" \/>\n<meta property=\"article:modified_time\" content=\"2026-02-24T07:15:25+00:00\" \/>\n<meta property=\"og:image\" content=\"https:\/\/evagalvis.com\/wp-content\/uploads\/2024\/04\/EG-favicon.jpg\" \/>\n\t<meta property=\"og:image:width\" content=\"512\" \/>\n\t<meta property=\"og:image:height\" content=\"512\" \/>\n\t<meta property=\"og:image:type\" content=\"image\/jpeg\" \/>\n<meta name=\"twitter:card\" content=\"summary_large_image\" \/>\n<meta name=\"twitter:label1\" content=\"Tiempo de lectura\" \/>\n\t<meta name=\"twitter:data1\" content=\"3 minutos\" \/>\n<script type=\"application\/ld+json\" class=\"yoast-schema-graph\">{\"@context\":\"https:\\\/\\\/schema.org\",\"@graph\":[{\"@type\":\"WebPage\",\"@id\":\"https:\\\/\\\/evagalvis.com\\\/digital-dentistry\\\/\",\"url\":\"https:\\\/\\\/evagalvis.com\\\/digital-dentistry\\\/\",\"name\":\"Digital Dentistry | Digital Imaging Technology by Dental Surgery, Colombia | Eva Galvis Odontology\",\"isPartOf\":{\"@id\":\"https:\\\/\\\/evagalvis.com\\\/#website\"},\"primaryImageOfPage\":{\"@id\":\"https:\\\/\\\/evagalvis.com\\\/digital-dentistry\\\/#primaryimage\"},\"image\":{\"@id\":\"https:\\\/\\\/evagalvis.com\\\/digital-dentistry\\\/#primaryimage\"},\"thumbnailUrl\":\"https:\\\/\\\/evagalvis.com\\\/wp-content\\\/uploads\\\/2024\\\/04\\\/EG-favicon.jpg\",\"datePublished\":\"2024-04-19T08:00:06+00:00\",\"dateModified\":\"2026-02-24T07:15:25+00:00\",\"description\":\"Discover Digital Imaging Technology with Dental Surgery, Colombia | Eva Galvis Odontology. Experience cutting-edge dental solutions today.\",\"breadcrumb\":{\"@id\":\"https:\\\/\\\/evagalvis.com\\\/digital-dentistry\\\/#breadcrumb\"},\"inLanguage\":\"es-CO\",\"potentialAction\":[{\"@type\":\"ReadAction\",\"target\":[\"https:\\\/\\\/evagalvis.com\\\/digital-dentistry\\\/\"]}]},{\"@type\":\"ImageObject\",\"inLanguage\":\"es-CO\",\"@id\":\"https:\\\/\\\/evagalvis.com\\\/digital-dentistry\\\/#primaryimage\",\"url\":\"https:\\\/\\\/evagalvis.com\\\/wp-content\\\/uploads\\\/2024\\\/04\\\/EG-favicon.jpg\",\"contentUrl\":\"https:\\\/\\\/evagalvis.com\\\/wp-content\\\/uploads\\\/2024\\\/04\\\/EG-favicon.jpg\",\"width\":512,\"height\":512,\"caption\":\"A blue diamond with the letter e and g in it.\"},{\"@type\":\"BreadcrumbList\",\"@id\":\"https:\\\/\\\/evagalvis.com\\\/digital-dentistry\\\/#breadcrumb\",\"itemListElement\":[{\"@type\":\"ListItem\",\"position\":1,\"name\":\"Home\",\"item\":\"https:\\\/\\\/evagalvis.com\\\/\"},{\"@type\":\"ListItem\",\"position\":2,\"name\":\"Digital Dentistry\"}]},{\"@type\":\"WebSite\",\"@id\":\"https:\\\/\\\/evagalvis.com\\\/#website\",\"url\":\"https:\\\/\\\/evagalvis.com\\\/\",\"name\":\"Dental Surgery, Medell\u00edn | Eva Galvis Odontology\",\"description\":\"We use digital technology to deliver first-class treatments and smile design.\",\"publisher\":{\"@id\":\"https:\\\/\\\/evagalvis.com\\\/#organization\"},\"potentialAction\":[{\"@type\":\"SearchAction\",\"target\":{\"@type\":\"EntryPoint\",\"urlTemplate\":\"https:\\\/\\\/evagalvis.com\\\/?s={search_term_string}\"},\"query-input\":{\"@type\":\"PropertyValueSpecification\",\"valueRequired\":true,\"valueName\":\"search_term_string\"}}],\"inLanguage\":\"es-CO\"},{\"@type\":\"Organization\",\"@id\":\"https:\\\/\\\/evagalvis.com\\\/#organization\",\"name\":\"Dental Surgery, Colombia | Eva Galvis Odontology\",\"url\":\"https:\\\/\\\/evagalvis.com\\\/\",\"logo\":{\"@type\":\"ImageObject\",\"inLanguage\":\"es-CO\",\"@id\":\"https:\\\/\\\/evagalvis.com\\\/#\\\/schema\\\/logo\\\/image\\\/\",\"url\":\"https:\\\/\\\/evagalvis.com\\\/wp-content\\\/uploads\\\/2024\\\/05\\\/Logo-scaled.jpg\",\"contentUrl\":\"https:\\\/\\\/evagalvis.com\\\/wp-content\\\/uploads\\\/2024\\\/05\\\/Logo-scaled.jpg\",\"width\":1414,\"height\":1080,\"caption\":\"Dental Surgery, Colombia | Eva Galvis Odontology\"},\"image\":{\"@id\":\"https:\\\/\\\/evagalvis.com\\\/#\\\/schema\\\/logo\\\/image\\\/\"},\"sameAs\":[\"https:\\\/\\\/www.facebook.com\\\/people\\\/Eva-Galvis-Odontologia\\\/100090570862041\\\/\",\"https:\\\/\\\/www.instagram.com\\\/draevagalvis\\\/\"]}]}<\/script>\n<!-- \/ Yoast SEO Premium plugin. -->","yoast_head_json":{"title":"Digital Dentistry | Digital Imaging Technology by Dental Surgery, Colombia | Eva Galvis Odontology","description":"Discover Digital Imaging Technology with Dental Surgery, Colombia | Eva Galvis Odontology. Experience cutting-edge dental solutions today.","robots":{"index":"index","follow":"follow","max-snippet":"max-snippet:-1","max-image-preview":"max-image-preview:large","max-video-preview":"max-video-preview:-1"},"canonical":"https:\/\/evagalvis.com\/es\/digital-dentistry\/","og_locale":"es_ES","og_type":"article","og_title":"Digital Dentistry","og_description":"Discover Digital Imaging Technology with Dental Surgery, Colombia | Eva Galvis Odontology. Experience cutting-edge dental solutions today.","og_url":"https:\/\/evagalvis.com\/es\/digital-dentistry\/","og_site_name":"Dental Surgery, Colombia | Eva Galvis Odontology","article_publisher":"https:\/\/www.facebook.com\/people\/Eva-Galvis-Odontologia\/100090570862041\/","article_modified_time":"2026-02-24T07:15:25+00:00","og_image":[{"width":512,"height":512,"url":"https:\/\/evagalvis.com\/wp-content\/uploads\/2024\/04\/EG-favicon.jpg","type":"image\/jpeg"}],"twitter_card":"summary_large_image","twitter_misc":{"Tiempo de lectura":"3 minutos"},"schema":{"@context":"https:\/\/schema.org","@graph":[{"@type":"WebPage","@id":"https:\/\/evagalvis.com\/digital-dentistry\/","url":"https:\/\/evagalvis.com\/digital-dentistry\/","name":"Digital Dentistry | Digital Imaging Technology by Dental Surgery, Colombia | Eva Galvis Odontology","isPartOf":{"@id":"https:\/\/evagalvis.com\/#website"},"primaryImageOfPage":{"@id":"https:\/\/evagalvis.com\/digital-dentistry\/#primaryimage"},"image":{"@id":"https:\/\/evagalvis.com\/digital-dentistry\/#primaryimage"},"thumbnailUrl":"https:\/\/evagalvis.com\/wp-content\/uploads\/2024\/04\/EG-favicon.jpg","datePublished":"2024-04-19T08:00:06+00:00","dateModified":"2026-02-24T07:15:25+00:00","description":"Discover Digital Imaging Technology with Dental Surgery, Colombia | Eva Galvis Odontology. Experience cutting-edge dental solutions today.","breadcrumb":{"@id":"https:\/\/evagalvis.com\/digital-dentistry\/#breadcrumb"},"inLanguage":"es-CO","potentialAction":[{"@type":"ReadAction","target":["https:\/\/evagalvis.com\/digital-dentistry\/"]}]},{"@type":"ImageObject","inLanguage":"es-CO","@id":"https:\/\/evagalvis.com\/digital-dentistry\/#primaryimage","url":"https:\/\/evagalvis.com\/wp-content\/uploads\/2024\/04\/EG-favicon.jpg","contentUrl":"https:\/\/evagalvis.com\/wp-content\/uploads\/2024\/04\/EG-favicon.jpg","width":512,"height":512,"caption":"A blue diamond with the letter e and g in it."},{"@type":"BreadcrumbList","@id":"https:\/\/evagalvis.com\/digital-dentistry\/#breadcrumb","itemListElement":[{"@type":"ListItem","position":1,"name":"Home","item":"https:\/\/evagalvis.com\/"},{"@type":"ListItem","position":2,"name":"Digital Dentistry"}]},{"@type":"WebSite","@id":"https:\/\/evagalvis.com\/#website","url":"https:\/\/evagalvis.com\/","name":"Cl\u00ednica Dental, Medell\u00edn | Eva Galvis Odontolog\u00eda","description":"Utilizamos tecnolog\u00eda digital para brindar tratamientos de primera clase y dise\u00f1o de sonrisa.","publisher":{"@id":"https:\/\/evagalvis.com\/#organization"},"potentialAction":[{"@type":"SearchAction","target":{"@type":"EntryPoint","urlTemplate":"https:\/\/evagalvis.com\/?s={search_term_string}"},"query-input":{"@type":"PropertyValueSpecification","valueRequired":true,"valueName":"search_term_string"}}],"inLanguage":"es-CO"},{"@type":"Organization","@id":"https:\/\/evagalvis.com\/#organization","name":"Cl\u00ednica Dental, Colombia | Eva Galvis Odontolog\u00eda","url":"https:\/\/evagalvis.com\/","logo":{"@type":"ImageObject","inLanguage":"es-CO","@id":"https:\/\/evagalvis.com\/#\/schema\/logo\/image\/","url":"https:\/\/evagalvis.com\/wp-content\/uploads\/2024\/05\/Logo-scaled.jpg","contentUrl":"https:\/\/evagalvis.com\/wp-content\/uploads\/2024\/05\/Logo-scaled.jpg","width":1414,"height":1080,"caption":"Dental Surgery, Colombia | Eva Galvis Odontology"},"image":{"@id":"https:\/\/evagalvis.com\/#\/schema\/logo\/image\/"},"sameAs":["https:\/\/www.facebook.com\/people\/Eva-Galvis-Odontologia\/100090570862041\/","https:\/\/www.instagram.com\/draevagalvis\/"]}]}},"_links":{"self":[{"href":"https:\/\/evagalvis.com\/es\/wp-json\/wp\/v2\/pages\/27","targetHints":{"allow":["GET"]}}],"collection":[{"href":"https:\/\/evagalvis.com\/es\/wp-json\/wp\/v2\/pages"}],"about":[{"href":"https:\/\/evagalvis.com\/es\/wp-json\/wp\/v2\/types\/page"}],"author":[{"embeddable":true,"href":"https:\/\/evagalvis.com\/es\/wp-json\/wp\/v2\/users\/1"}],"replies":[{"embeddable":true,"href":"https:\/\/evagalvis.com\/es\/wp-json\/wp\/v2\/comments?post=27"}],"version-history":[{"count":5,"href":"https:\/\/evagalvis.com\/es\/wp-json\/wp\/v2\/pages\/27\/revisions"}],"predecessor-version":[{"id":634,"href":"https:\/\/evagalvis.com\/es\/wp-json\/wp\/v2\/pages\/27\/revisions\/634"}],"wp:featuredmedia":[{"embeddable":true,"href":"https:\/\/evagalvis.com\/es\/wp-json\/wp\/v2\/media\/52"}],"wp:attachment":[{"href":"https:\/\/evagalvis.com\/es\/wp-json\/wp\/v2\/media?parent=27"}],"curies":[{"name":"wp","href":"https:\/\/api.w.org\/{rel}","templated":true}]}}