{"id":23,"date":"2024-04-19T08:00:06","date_gmt":"2024-04-19T08:00:06","guid":{"rendered":"https:\/\/evagalvis.com\/?page_id=23"},"modified":"2026-02-24T07:15:53","modified_gmt":"2026-02-24T07:15:53","slug":"about-our-outstanding-dental-care","status":"publish","type":"page","link":"https:\/\/evagalvis.com\/es\/about-our-outstanding-dental-care\/","title":{"rendered":"Sobre Nosotros"},"content":{"rendered":"<p><!DOCTYPE html PUBLIC \"-\/\/W3C\/\/DTD HTML 4.0 Transitional\/\/EN\" \"http:\/\/www.w3.org\/TR\/REC-html40\/loose.dtd\"><\/p>\n\n\n<h1>\n\t\tSobre nosotros\n\t<\/h1>\n\t<h2>\n\t\t\t\t\tOur\n\t\t\t\tPreview text\t\t\t\n\t\t\t<\/h2>\n\t<p>Nuestra directora cl\u00ednica es <strong>Dra. Eva Maria Galvis Rodr\u00c3\u00adguez<\/strong>, who is a graduate of the Pontificia Universidad Javeriana and holds a Specialism in Endodontics from the UniCIEO Bogot\u00c3\u00a1 University Foundation. Dra. Galvis has extensive international experience and is committed to providing outstanding dental care.<\/p>\n\t<h2>\n\t\t\t\t\tOur\n\t\t\t\tPreview text\t\t\t\n\t\t\t<\/h2>\n\t<p><strong>Dra. Alejandra Cancino<\/strong> es egresada de la Pontificia Universidad Javeriana y especialista en Ortodoncia\u00a0y Ortopedia Maxilar de la Universidad de Buenos Aires en Argentina. Es Miembro Activo de la Sociedad Colombiana de Ortodoncia.\u00a0<\/p>\n<p>&nbsp;<\/p>\n<p><strong>Dr. Felipe Mendez<\/strong> is a graduate of the National University of Colombia and holds a Specialism in Oral and Maxillofacial Surgery from the El Bosque University. \u00c2&nbsp;He is a member of the Colombian Association of Oral and Maxillofacial Surgery and has more than 10 years of experience in private practice.<\/p>\n\t\t\t\t\t\t\t\t\t\t\t\t<h3>Dra Alejandra Cancino<\/h3>\n\t<h2>\n\t\t\t\tPreview text\t\t\t\n\t\t\t\t\tdefine us\n\t\t\t<\/h2>\n\t<iframe allowfullscreen=\"\" allow=\"autoplay\" data-src=\"https:\/\/www.youtube-nocookie.com\/embed\/qk9DiKks6mo?feature=oembed&amp;playlist=qk9DiKks6mo&amp;start&amp;end&amp;wmode=opaque&amp;loop=1&amp;controls=0&amp;mute=0&amp;rel=0&amp;modestbranding=1\"><\/iframe>\t\t\n\t\t\t\t\tPlay Video\n\t<p>Todos nuestros especialistas est\u00e1n altamente calificados, son profesionales y amigables, se esfuerzan por alcanzar los m\u00e1s altos est\u00e1ndares de excelencia cl\u00ednica y comparten nuestros valores fundamentales:<\/p>\n\t<ul>\n\t\t<li>\t\t\n\t\t\t\t<img decoding=\"async\" src=\"https:\/\/evagalvis.com\/wp-content\/uploads\/2024\/05\/shutterstock_2184798737icon5.png\" alt=\"A blue line drawing of a pen and ink.\" title=\"shutterstock_2184798737icon5\" itemprop=\"image\">\n\t\t<h4>\u00c9tica y profesionalismo<\/h4><\/li><li>\t\t\n\t\t\t\t<img decoding=\"async\" src=\"https:\/\/evagalvis.com\/wp-content\/uploads\/2024\/05\/shutterstock_2184798737icon4.png\" alt=\"A magnifying glass with an image of a tooth in it.\" title=\"shutterstock_2184798737icon4\" itemprop=\"image\">\n\t\t<h4>Tratamiento personalizado<\/h4><\/li><li>\t\t\n\t\t\t\t<img decoding=\"async\" src=\"https:\/\/evagalvis.com\/wp-content\/uploads\/2024\/05\/shutterstock_2184798737icon3.png\" alt=\"A tooth with an add sign in the middle of it.\" title=\"shutterstock_2184798737icon3\" itemprop=\"image\">\n\t\t<h4>Est\u00e9tica y naturalidad<\/h4><\/li><li>\t\t\n\t\t\t\t<img decoding=\"async\" src=\"https:\/\/evagalvis.com\/wp-content\/uploads\/2024\/05\/shutterstock_2184798737icon2.png\" alt=\"A green and blue picture of an open mouth.\" title=\"shutterstock_2184798737icon2\" itemprop=\"image\">\n\t\t<h4>La mejor tecnolog\u00eda disponible<\/h4><\/li>\t<\/ul>\n<h3>\n\t\tUna atenci\u00f3n dental excepcional no significa una soluci\u00f3n \u00fanica para todos\n\t<\/h3>\n\t<p>La buena comunicaci\u00f3n y el toque humano son claves para brindar una atenci\u00f3n dental excepcional.<\/p>\n<p>Entendemos la importancia de escuchar al paciente para comprender adecuadamente sus expectativas y ofrecerle las opciones de tratamiento m\u00e1s adecuadas.<\/p>\n<p>No siempre la mejor opci\u00f3n es la m\u00e1s cara: nunca recomendamos tratamientos por motivos econ\u00f3micos y siempre buscamos opciones que se ajusten a tu presupuesto.<\/p>\n\t\t\t<a href=\"https:\/\/evagalvis.com\/es\/our-services\/\" target=\"_self\" rel=\"noopener\">\n\t\t\t\t\t\t\tNuestros servicios\n\t\t\t\t\t<\/a>\n\t<h2>\n\t\t\t\t\tWe manufacture everything in \n\t\t\t\tPreview text\t\t\t\n\t\t\t<\/h2>\n\t<p>Para garantizar un cuidado dental excepcional, fabricamos todas nuestras coronas, incrustaciones y carillas en nuestro propio laboratorio.<\/p>\n<p><strong>Existen muchos beneficios para nuestros pacientes:<\/strong><\/p>\n<ul>\n<li>El proceso es 100% digital: las im\u00e1genes escaneadas se env\u00edan directamente desde nuestro sofisticado software de dise\u00f1o al equipo de fabricaci\u00f3n.<\/li>\n<li>Se elimina por completo el error humano que se produce con las t\u00e9cnicas convencionales.<\/li>\n<li>No hay retrasos en la fabricaci\u00f3n por parte de laboratorios externos, por lo que la mayor\u00eda de nuestros tratamientos se realizan en un solo d\u00eda.<\/li>\n<li>La fabricaci\u00f3n interna reduce los costos, por lo que ofrece un valor excelente al paciente.<\/li>\n<\/ul>\n\t<iframe allowfullscreen=\"\" allow=\"autoplay\" data-src=\"https:\/\/www.youtube-nocookie.com\/embed\/2AMJ6obXT44?feature=oembed&amp;playlist=2AMJ6obXT44&amp;start&amp;end&amp;wmode=opaque&amp;loop=1&amp;controls=0&amp;mute=0&amp;rel=0&amp;modestbranding=1\"><\/iframe>\t\t\n\t\t\t\t\tPlay Video\n\t<h2>\n\t\t\t\t\tOur prices are \n\t\t\t\tPreview text\t\t\t\n\t\t\t<\/h2>\n\t<p>Cobramos una fracci\u00f3n de los precios por un tratamiento equivalente en los Estados Unidos y Europa porque tenemos una base de costos m\u00e1s baja.<\/p>\n<p>In fact, the cost of our outstanding dental care including travel is always lower than in the United States or Europe, and we are always delighted to help our <a href=\"https:\/\/evagalvis.com\/es\/international-patient-services\/\">pacientes internacionales<\/a> with \u00c2&nbsp;travel to and from our clinic in Medellin.<\/p>\n\t<iframe allowfullscreen=\"\" allow=\"autoplay\" data-src=\"https:\/\/www.youtube-nocookie.com\/embed\/akDrvMj7sVI?feature=oembed&amp;playlist=akDrvMj7sVI&amp;start&amp;end&amp;wmode=opaque&amp;loop=1&amp;controls=0&amp;mute=0&amp;rel=0&amp;modestbranding=1\"><\/iframe>\t\t\n\t\t\t\t\tPlay Video\n\t<h2>\n\t\t\t\t\tOur \n\t\t\t\tPreview text\t\t\t\n\t\t\t<\/h2>\n\t<p>Aqu\u00ed se puede ver algunos v\u00eddeos de nuestros casos de \u00e9xito. A nuestros pacientes les encantan sus nuevas sonrisas.<\/p>\n\t<iframe allowfullscreen=\"\" allow=\"autoplay\" data-src=\"https:\/\/www.youtube.com\/embed\/bFt2lfES1ag?feature=oembed&amp;start&amp;end&amp;wmode=opaque&amp;loop=0&amp;controls=1&amp;mute=0&amp;rel=0&amp;modestbranding=0\"><\/iframe>\t\t\n\t\t\t\t\tPlay Video\n\t<iframe allowfullscreen=\"\" allow=\"autoplay\" data-src=\"https:\/\/www.youtube.com\/embed\/Bl_AyrGMszM?feature=oembed&amp;start&amp;end&amp;wmode=opaque&amp;loop=0&amp;controls=1&amp;mute=0&amp;rel=0&amp;modestbranding=0\"><\/iframe>\t\t\n\t\t\t\t\tPlay Video\n\t<iframe allowfullscreen=\"\" allow=\"autoplay\" data-src=\"https:\/\/www.youtube.com\/embed\/P424o_geSgQ?feature=oembed&amp;start&amp;end&amp;wmode=opaque&amp;loop=0&amp;controls=1&amp;mute=0&amp;rel=0&amp;modestbranding=0\"><\/iframe>\t\t\n\t\t\t\t\tPlay Video\n\t<iframe allowfullscreen=\"\" allow=\"autoplay\" data-src=\"https:\/\/www.youtube.com\/embed\/v0RnN_Zmq7E?feature=oembed&amp;start&amp;end&amp;wmode=opaque&amp;loop=0&amp;controls=1&amp;mute=0&amp;rel=0&amp;modestbranding=0\"><\/iframe>\t\t\n\t\t\t\t\tPlay Video\n\t<h2>\n\t\t\t\t\tOur\n\t\t\t\tPreview text\t\t\t\n\t\t\t<\/h2>\n\t<p>Ven y encu\u00e9ntranos en el cuarto piso del <a href=\"https:\/\/www.palmsavenue.com.co\/\" target=\"_blank\" rel=\"noopener\">Mall Palms Avenue<\/a>, Medell\u00edn.<\/p>\n\n\n<p><\/body><\/html><\/p>","protected":false},"excerpt":{"rendered":"<p>About us Our Preview text Our clinical director is Dra. Eva Maria Galvis Rodr\u00c3\u00adguez, who is a graduate of the Pontificia Universidad Javeriana and holds a Specialism in Endodontics from the UniCIEO Bogot\u00c3\u00a1 University Foundation. Dra. Galvis has extensive international experience and is committed to providing outstanding dental care. Our Preview text Dra. Alejandra Cancino&hellip;<\/p>","protected":false},"author":1,"featured_media":52,"parent":0,"menu_order":0,"comment_status":"closed","ping_status":"closed","template":"","meta":{"footnotes":""},"class_list":["post-23","page","type-page","status-publish","has-post-thumbnail","hentry"],"yoast_head":"<!-- This site is optimized with the Yoast SEO Premium plugin v26.3 (Yoast SEO v27.4) - https:\/\/yoast.com\/product\/yoast-seo-premium-wordpress\/ -->\n<title>Outstanding Dental Care | About Us<\/title>\n<meta name=\"description\" content=\"Discover Outstanding Dental Care at Dental Surgery, Colombia | Eva Galvis Odontology. Our specialists ensure top-notch treatment.\" \/>\n<meta name=\"robots\" content=\"index, follow, max-snippet:-1, max-image-preview:large, max-video-preview:-1\" \/>\n<link rel=\"canonical\" href=\"https:\/\/evagalvis.com\/es\/about-our-outstanding-dental-care\/\" \/>\n<meta property=\"og:locale\" content=\"es_ES\" \/>\n<meta property=\"og:type\" content=\"article\" \/>\n<meta property=\"og:title\" content=\"About Us\" \/>\n<meta property=\"og:description\" content=\"Discover Outstanding Dental Care at Dental Surgery, Colombia | Eva Galvis Odontology. Our specialists ensure top-notch treatment.\" \/>\n<meta property=\"og:url\" content=\"https:\/\/evagalvis.com\/es\/about-our-outstanding-dental-care\/\" \/>\n<meta property=\"og:site_name\" content=\"Dental Surgery, Colombia | Eva Galvis Odontology\" \/>\n<meta property=\"article:publisher\" content=\"https:\/\/www.facebook.com\/people\/Eva-Galvis-Odontologia\/100090570862041\/\" \/>\n<meta property=\"article:modified_time\" content=\"2026-02-24T07:15:53+00:00\" \/>\n<meta property=\"og:image\" content=\"https:\/\/evagalvis.com\/wp-content\/uploads\/2024\/04\/EG-favicon.jpg\" \/>\n\t<meta property=\"og:image:width\" content=\"512\" \/>\n\t<meta property=\"og:image:height\" content=\"512\" \/>\n\t<meta property=\"og:image:type\" content=\"image\/jpeg\" \/>\n<meta name=\"twitter:card\" content=\"summary_large_image\" \/>\n<meta name=\"twitter:label1\" content=\"Tiempo de lectura\" \/>\n\t<meta name=\"twitter:data1\" content=\"5 minutos\" \/>\n<script type=\"application\/ld+json\" class=\"yoast-schema-graph\">{\"@context\":\"https:\\\/\\\/schema.org\",\"@graph\":[{\"@type\":\"WebPage\",\"@id\":\"https:\\\/\\\/evagalvis.com\\\/about-our-outstanding-dental-care\\\/\",\"url\":\"https:\\\/\\\/evagalvis.com\\\/about-our-outstanding-dental-care\\\/\",\"name\":\"Outstanding Dental Care | About Us\",\"isPartOf\":{\"@id\":\"https:\\\/\\\/evagalvis.com\\\/#website\"},\"primaryImageOfPage\":{\"@id\":\"https:\\\/\\\/evagalvis.com\\\/about-our-outstanding-dental-care\\\/#primaryimage\"},\"image\":{\"@id\":\"https:\\\/\\\/evagalvis.com\\\/about-our-outstanding-dental-care\\\/#primaryimage\"},\"thumbnailUrl\":\"https:\\\/\\\/evagalvis.com\\\/wp-content\\\/uploads\\\/2024\\\/04\\\/EG-favicon.jpg\",\"datePublished\":\"2024-04-19T08:00:06+00:00\",\"dateModified\":\"2026-02-24T07:15:53+00:00\",\"description\":\"Discover Outstanding Dental Care at Dental Surgery, Colombia | Eva Galvis Odontology. Our specialists ensure top-notch treatment.\",\"breadcrumb\":{\"@id\":\"https:\\\/\\\/evagalvis.com\\\/about-our-outstanding-dental-care\\\/#breadcrumb\"},\"inLanguage\":\"es-CO\",\"potentialAction\":[{\"@type\":\"ReadAction\",\"target\":[\"https:\\\/\\\/evagalvis.com\\\/about-our-outstanding-dental-care\\\/\"]}]},{\"@type\":\"ImageObject\",\"inLanguage\":\"es-CO\",\"@id\":\"https:\\\/\\\/evagalvis.com\\\/about-our-outstanding-dental-care\\\/#primaryimage\",\"url\":\"https:\\\/\\\/evagalvis.com\\\/wp-content\\\/uploads\\\/2024\\\/04\\\/EG-favicon.jpg\",\"contentUrl\":\"https:\\\/\\\/evagalvis.com\\\/wp-content\\\/uploads\\\/2024\\\/04\\\/EG-favicon.jpg\",\"width\":512,\"height\":512,\"caption\":\"A blue diamond with the letter e and g in it.\"},{\"@type\":\"BreadcrumbList\",\"@id\":\"https:\\\/\\\/evagalvis.com\\\/about-our-outstanding-dental-care\\\/#breadcrumb\",\"itemListElement\":[{\"@type\":\"ListItem\",\"position\":1,\"name\":\"Home\",\"item\":\"https:\\\/\\\/evagalvis.com\\\/\"},{\"@type\":\"ListItem\",\"position\":2,\"name\":\"About Us\"}]},{\"@type\":\"WebSite\",\"@id\":\"https:\\\/\\\/evagalvis.com\\\/#website\",\"url\":\"https:\\\/\\\/evagalvis.com\\\/\",\"name\":\"Dental Surgery, Medell\u00edn | Eva Galvis Odontology\",\"description\":\"We use digital technology to deliver first-class treatments and smile design.\",\"publisher\":{\"@id\":\"https:\\\/\\\/evagalvis.com\\\/#organization\"},\"potentialAction\":[{\"@type\":\"SearchAction\",\"target\":{\"@type\":\"EntryPoint\",\"urlTemplate\":\"https:\\\/\\\/evagalvis.com\\\/?s={search_term_string}\"},\"query-input\":{\"@type\":\"PropertyValueSpecification\",\"valueRequired\":true,\"valueName\":\"search_term_string\"}}],\"inLanguage\":\"es-CO\"},{\"@type\":\"Organization\",\"@id\":\"https:\\\/\\\/evagalvis.com\\\/#organization\",\"name\":\"Dental Surgery, Colombia | Eva Galvis Odontology\",\"url\":\"https:\\\/\\\/evagalvis.com\\\/\",\"logo\":{\"@type\":\"ImageObject\",\"inLanguage\":\"es-CO\",\"@id\":\"https:\\\/\\\/evagalvis.com\\\/#\\\/schema\\\/logo\\\/image\\\/\",\"url\":\"https:\\\/\\\/evagalvis.com\\\/wp-content\\\/uploads\\\/2024\\\/05\\\/Logo-scaled.jpg\",\"contentUrl\":\"https:\\\/\\\/evagalvis.com\\\/wp-content\\\/uploads\\\/2024\\\/05\\\/Logo-scaled.jpg\",\"width\":1414,\"height\":1080,\"caption\":\"Dental Surgery, Colombia | Eva Galvis Odontology\"},\"image\":{\"@id\":\"https:\\\/\\\/evagalvis.com\\\/#\\\/schema\\\/logo\\\/image\\\/\"},\"sameAs\":[\"https:\\\/\\\/www.facebook.com\\\/people\\\/Eva-Galvis-Odontologia\\\/100090570862041\\\/\",\"https:\\\/\\\/www.instagram.com\\\/draevagalvis\\\/\"]}]}<\/script>\n<!-- \/ Yoast SEO Premium plugin. -->","yoast_head_json":{"title":"Outstanding Dental Care | About Us","description":"Discover Outstanding Dental Care at Dental Surgery, Colombia | Eva Galvis Odontology. Our specialists ensure top-notch treatment.","robots":{"index":"index","follow":"follow","max-snippet":"max-snippet:-1","max-image-preview":"max-image-preview:large","max-video-preview":"max-video-preview:-1"},"canonical":"https:\/\/evagalvis.com\/es\/about-our-outstanding-dental-care\/","og_locale":"es_ES","og_type":"article","og_title":"About Us","og_description":"Discover Outstanding Dental Care at Dental Surgery, Colombia | Eva Galvis Odontology. Our specialists ensure top-notch treatment.","og_url":"https:\/\/evagalvis.com\/es\/about-our-outstanding-dental-care\/","og_site_name":"Dental Surgery, Colombia | Eva Galvis Odontology","article_publisher":"https:\/\/www.facebook.com\/people\/Eva-Galvis-Odontologia\/100090570862041\/","article_modified_time":"2026-02-24T07:15:53+00:00","og_image":[{"width":512,"height":512,"url":"https:\/\/evagalvis.com\/wp-content\/uploads\/2024\/04\/EG-favicon.jpg","type":"image\/jpeg"}],"twitter_card":"summary_large_image","twitter_misc":{"Tiempo de lectura":"5 minutos"},"schema":{"@context":"https:\/\/schema.org","@graph":[{"@type":"WebPage","@id":"https:\/\/evagalvis.com\/about-our-outstanding-dental-care\/","url":"https:\/\/evagalvis.com\/about-our-outstanding-dental-care\/","name":"Outstanding Dental Care | About Us","isPartOf":{"@id":"https:\/\/evagalvis.com\/#website"},"primaryImageOfPage":{"@id":"https:\/\/evagalvis.com\/about-our-outstanding-dental-care\/#primaryimage"},"image":{"@id":"https:\/\/evagalvis.com\/about-our-outstanding-dental-care\/#primaryimage"},"thumbnailUrl":"https:\/\/evagalvis.com\/wp-content\/uploads\/2024\/04\/EG-favicon.jpg","datePublished":"2024-04-19T08:00:06+00:00","dateModified":"2026-02-24T07:15:53+00:00","description":"Discover Outstanding Dental Care at Dental Surgery, Colombia | Eva Galvis Odontology. Our specialists ensure top-notch treatment.","breadcrumb":{"@id":"https:\/\/evagalvis.com\/about-our-outstanding-dental-care\/#breadcrumb"},"inLanguage":"es-CO","potentialAction":[{"@type":"ReadAction","target":["https:\/\/evagalvis.com\/about-our-outstanding-dental-care\/"]}]},{"@type":"ImageObject","inLanguage":"es-CO","@id":"https:\/\/evagalvis.com\/about-our-outstanding-dental-care\/#primaryimage","url":"https:\/\/evagalvis.com\/wp-content\/uploads\/2024\/04\/EG-favicon.jpg","contentUrl":"https:\/\/evagalvis.com\/wp-content\/uploads\/2024\/04\/EG-favicon.jpg","width":512,"height":512,"caption":"A blue diamond with the letter e and g in it."},{"@type":"BreadcrumbList","@id":"https:\/\/evagalvis.com\/about-our-outstanding-dental-care\/#breadcrumb","itemListElement":[{"@type":"ListItem","position":1,"name":"Home","item":"https:\/\/evagalvis.com\/"},{"@type":"ListItem","position":2,"name":"About Us"}]},{"@type":"WebSite","@id":"https:\/\/evagalvis.com\/#website","url":"https:\/\/evagalvis.com\/","name":"Cl\u00ednica Dental, Medell\u00edn | Eva Galvis Odontolog\u00eda","description":"Utilizamos tecnolog\u00eda digital para brindar tratamientos de primera clase y dise\u00f1o de sonrisa.","publisher":{"@id":"https:\/\/evagalvis.com\/#organization"},"potentialAction":[{"@type":"SearchAction","target":{"@type":"EntryPoint","urlTemplate":"https:\/\/evagalvis.com\/?s={search_term_string}"},"query-input":{"@type":"PropertyValueSpecification","valueRequired":true,"valueName":"search_term_string"}}],"inLanguage":"es-CO"},{"@type":"Organization","@id":"https:\/\/evagalvis.com\/#organization","name":"Cl\u00ednica Dental, Colombia | Eva Galvis Odontolog\u00eda","url":"https:\/\/evagalvis.com\/","logo":{"@type":"ImageObject","inLanguage":"es-CO","@id":"https:\/\/evagalvis.com\/#\/schema\/logo\/image\/","url":"https:\/\/evagalvis.com\/wp-content\/uploads\/2024\/05\/Logo-scaled.jpg","contentUrl":"https:\/\/evagalvis.com\/wp-content\/uploads\/2024\/05\/Logo-scaled.jpg","width":1414,"height":1080,"caption":"Dental Surgery, Colombia | Eva Galvis Odontology"},"image":{"@id":"https:\/\/evagalvis.com\/#\/schema\/logo\/image\/"},"sameAs":["https:\/\/www.facebook.com\/people\/Eva-Galvis-Odontologia\/100090570862041\/","https:\/\/www.instagram.com\/draevagalvis\/"]}]}},"_links":{"self":[{"href":"https:\/\/evagalvis.com\/es\/wp-json\/wp\/v2\/pages\/23","targetHints":{"allow":["GET"]}}],"collection":[{"href":"https:\/\/evagalvis.com\/es\/wp-json\/wp\/v2\/pages"}],"about":[{"href":"https:\/\/evagalvis.com\/es\/wp-json\/wp\/v2\/types\/page"}],"author":[{"embeddable":true,"href":"https:\/\/evagalvis.com\/es\/wp-json\/wp\/v2\/users\/1"}],"replies":[{"embeddable":true,"href":"https:\/\/evagalvis.com\/es\/wp-json\/wp\/v2\/comments?post=23"}],"version-history":[{"count":4,"href":"https:\/\/evagalvis.com\/es\/wp-json\/wp\/v2\/pages\/23\/revisions"}],"predecessor-version":[{"id":624,"href":"https:\/\/evagalvis.com\/es\/wp-json\/wp\/v2\/pages\/23\/revisions\/624"}],"wp:featuredmedia":[{"embeddable":true,"href":"https:\/\/evagalvis.com\/es\/wp-json\/wp\/v2\/media\/52"}],"wp:attachment":[{"href":"https:\/\/evagalvis.com\/es\/wp-json\/wp\/v2\/media?parent=23"}],"curies":[{"name":"wp","href":"https:\/\/api.w.org\/{rel}","templated":true}]}}